{"id":987,"date":"2023-01-05T16:53:04","date_gmt":"2023-01-05T16:53:04","guid":{"rendered":"https:\/\/scalahot.com\/menu\/"},"modified":"2025-12-05T15:19:05","modified_gmt":"2025-12-05T15:19:05","slug":"menu","status":"publish","type":"page","link":"https:\/\/scalahot.com\/en\/menu\/","title":{"rendered":"Menu"},"content":{"rendered":"<p style=\"text-align: center;\"><strong><em><u>Antipasti \u2013 Vorspeisen <\/u><\/em><\/strong><\/p>\n<p style=\"text-align: center;\"><em>\u00a0<\/em><\/p>\n<p style=\"text-align: center;\"><em>\u00a0<\/em><em>\u00a0<\/em><\/p>\n<p style=\"text-align: center;\"><em>Rotes und Schwarzes Quinoa mit Gem\u00fcsew\u00fcrfeln, Tofu und Currycr\u00e9me <\/em><\/p>\n<p style=\"text-align: center;\"><em>\u00a0<\/em><\/p>\n<p style=\"text-align: center;\"><em>\u00a0Quinoa nero e rosso con cubetti di verdure e crema al curry \u00a0<\/em><\/p>\n<p style=\"text-align: center;\"><em>\u00a0<\/em><\/p>\n<p style=\"text-align: center;\"><em>Red and black quinoa with vegetable cubes tofu and curry sauce <\/em><\/p>\n<p style=\"text-align: center;\"><em>\u00a0<\/em><\/p>\n<p style=\"text-align: center;\"><em>14,50 \u20ac<\/em><\/p>\n<p style=\"text-align: center;\"><em>\u00a0<\/em><\/p>\n<p style=\"text-align: center;\"><em>\u00a0<\/em><\/p>\n<p style=\"text-align: center;\"><em>Hirschcarpaccio mit schwarzem Tr\u00fcffel <\/em><\/p>\n<p style=\"text-align: center;\"><em>\u00a0Magerkn\u00f6deln und marinierten Champignons <\/em><\/p>\n<p style=\"text-align: center;\">\n<p style=\"text-align: center;\"><em>Carpaccio di cervo con tartufo,\u00a0 canederli di magro e champignons marinati <\/em><\/p>\n<p style=\"text-align: center;\"><em>\u00a0<\/em><\/p>\n<p style=\"text-align: center;\"><em>Thin sliced carpaccio from veal with traditional lean dumplings and marinated champignon mushrooms <\/em><\/p>\n<p style=\"text-align: center;\"><em>\u00a0<\/em><\/p>\n<p style=\"text-align: center;\">\n<p style=\"text-align: center;\"><em>18,00 \u20ac <\/em><\/p>\n<p style=\"text-align: center;\"><em>\u00a0<\/em><\/p>\n<p style=\"text-align: center;\"><em>\u00a0<\/em><\/p>\n<p style=\"text-align: center;\"><em>Oktopuscarpaccio mit Orangensauce mit kleinem Lachstartar <\/em><\/p>\n<p style=\"text-align: center;\"><em>\u00a0<\/em><\/p>\n<p style=\"text-align: center;\"><em>Carpaccio di piovra con salsa d\u2019arance e piccola tartare di salmone <\/em><\/p>\n<p style=\"text-align: center;\"><em>\u00a0<\/em><\/p>\n<p style=\"text-align: center;\"><em>Thinly sliced octopuscarpaccio with orange sauce and small salmon tartare \u00a0<\/em><\/p>\n<p style=\"text-align: center;\"><em>\u00a0<\/em><\/p>\n<p style=\"text-align: center;\"><em>16,50 \u20ac <\/em><\/p>\n<p style=\"text-align: center;\"><em>\u00a0<\/em><\/p>\n<p style=\"text-align: center;\"><em>\u00a0<\/em><\/p>\n<p style=\"text-align: center;\"><em>\u00a0<\/em><\/p>\n<p style=\"text-align: center;\"><strong><em><u>\u00a0<\/u><\/em><\/strong><\/p>\n<p style=\"text-align: center;\"><strong><em><u>Zuppe e Vellutate \u2013 Suppen<\/u><\/em><\/strong><\/p>\n<p style=\"text-align: center;\">\n<p style=\"text-align: center;\"><em>S\u00fcdtiroler Gerstensuppe \u00a0\u00a0<\/em><\/p>\n<p style=\"text-align: center;\"><em>\u00a0<\/em><\/p>\n<p style=\"text-align: center;\"><em>Zuppa d\u2019orzo alla tirolese \u00a0\u00a0<\/em><\/p>\n<p style=\"text-align: center;\"><em>\u00a0<\/em><\/p>\n<p style=\"text-align: center;\"><em>Traditional southtyrolian barley broth \u00a0\u00a0<\/em><\/p>\n<p style=\"text-align: center;\"><em>\u00a0 <\/em><\/p>\n<p style=\"text-align: center;\"><em>\u00a0<\/em><\/p>\n<p style=\"text-align: center;\"><em>9,50 \u20ac<\/em><\/p>\n<p style=\"text-align: center;\"><em>\u00a0<\/em><\/p>\n<p style=\"text-align: center;\"><em>\u00a0<\/em><\/p>\n<p style=\"text-align: center;\"><em>\u00a0<\/em><\/p>\n<p style=\"text-align: center;\"><em>Linsensuppe mit Bauchspeck und Croutons <\/em><\/p>\n<p style=\"text-align: center;\"><em>\u00a0<\/em><\/p>\n<p style=\"text-align: center;\"><em>Zuppa di lenticchie con pancetta e pane tostato \u00a0<\/em><\/p>\n<p style=\"text-align: center;\"><em>\u00a0<\/em><\/p>\n<p style=\"text-align: center;\"><em>Lentilsoup with bacon and toast \u00a0<\/em><\/p>\n<p style=\"text-align: center;\"><em>\u00a0<\/em><\/p>\n<p style=\"text-align: center;\"><em>\u00a0<\/em><\/p>\n<p style=\"text-align: center;\"><em>\u00a0<\/em><\/p>\n<p style=\"text-align: center;\"><em>9,00 \u20ac <\/em><\/p>\n<p style=\"text-align: center;\"><em>\u00a0<\/em><\/p>\n<p style=\"text-align: center;\"><em>\u00a0<\/em><\/p>\n<p style=\"text-align: center;\">\n<p style=\"text-align: center;\"><strong><em><u>Primi \u2013 Vorspeisen<\/u><\/em><\/strong><\/p>\n<p style=\"text-align: center;\"><em>\u00a0<\/em><\/p>\n<p style=\"text-align: center;\"><em>\u00a0<\/em><\/p>\n<p style=\"text-align: center;\"><em>Hausgemachte Schupfnudeln mit Wildragout und Preiselbeeren <\/em><\/p>\n<p style=\"text-align: center;\"><em>\u00a0<\/em><\/p>\n<p style=\"text-align: center;\"><em>Strigoli di patate fatte in casa con rag\u00f9 di selvaggina e mirtilli rossi <\/em><\/p>\n<p style=\"text-align: center;\"><em>\u00a0<\/em><\/p>\n<p style=\"text-align: center;\"><em>Homemade potato noudles with venison rag\u00f4ut and cranberries <\/em><\/p>\n<p style=\"text-align: center;\"><em>\u00a0<\/em><\/p>\n<p style=\"text-align: center;\"><em>\u00a015,50 \u20ac \u00a0<\/em><\/p>\n<p style=\"text-align: center;\"><em>\u00a0<\/em><\/p>\n<p style=\"text-align: center;\"><em>\u00a0<\/em><em>Spinatrisotto mit Garnelenspie\u00df \u00a0\u00a0\u00a0\u00a0\u00a0\u00a0\u00a0\u00a0\u00a0\u00a0<\/em><\/p>\n<p style=\"text-align: center;\"><em>\u00a0<\/em><\/p>\n<p style=\"text-align: center;\"><em>Risotto ai spinaci con spiedino di gamberi<\/em><\/p>\n<p style=\"text-align: center;\"><em>\u00a0<\/em><\/p>\n<p style=\"text-align: center;\"><em>Spinach Risotto with prawn skewer \u00a0\u00a0\u00a0\u00a0<\/em><\/p>\n<p style=\"text-align: center;\"><em>\u00a0<\/em><\/p>\n<p style=\"text-align: center;\"><em>\u00a0<\/em><em>16,00 \u20ac \u00a0<\/em><\/p>\n<p style=\"text-align: center;\"><em>\u00a0<\/em><\/p>\n<p style=\"text-align: center;\"><em>\u00a0<\/em><\/p>\n<p style=\"text-align: center;\"><em>\u00a0<\/em><\/p>\n<p style=\"text-align: center;\"><em>Hausgemachte Schlutzkrapfen mit Salbei und Butter<\/em><\/p>\n<p style=\"text-align: center;\"><em>\u00a0<\/em><\/p>\n<p style=\"text-align: center;\"><em>Schlutzkrapfen fatti in casa con ripieno di spinaci e ricotta con burro e salvia<\/em><\/p>\n<p style=\"text-align: center;\"><em>\u00a0<\/em><\/p>\n<p style=\"text-align: center;\"><em>Home made crescent shaped pasta pockets<\/em><\/p>\n<p style=\"text-align: center;\"><em>filled with cottage cheese with butter and sage<\/em><\/p>\n<p style=\"text-align: center;\"><em>\u00a0<\/em><\/p>\n<p style=\"text-align: center;\"><em>15,00 \u20ac <\/em><\/p>\n<p style=\"text-align: center;\"><em>\u00a0<\/em><\/p>\n<p style=\"text-align: center;\">\n<p style=\"text-align: center;\"><em>Hausgemachte Spinatpresskn\u00f6del auf K\u00e4sesauce \u00a0<\/em><\/p>\n<p style=\"text-align: center;\"><em>\u00a0<\/em><\/p>\n<p style=\"text-align: center;\"><em>Canederli pressati \u00a0caserecci agli spinaci su crema di formaggio <\/em><\/p>\n<p style=\"text-align: center;\"><em>\u00a0<\/em><\/p>\n<p style=\"text-align: center;\"><em>Homemade flattened spinach dumplings on cheese sauce \u00a0<\/em><\/p>\n<p style=\"text-align: center;\"><em>\u00a0<\/em><\/p>\n<p style=\"text-align: center;\"><em>16,00 \u20ac <\/em><\/p>\n<p style=\"text-align: center;\"><em>\u00a0<\/em><\/p>\n<p style=\"text-align: center;\">\n<p style=\"text-align: center;\"><em>Spinatsp\u00e4tzle \u00a0<\/em><\/p>\n<p style=\"text-align: center;\"><em>\u00a0<\/em><\/p>\n<p style=\"text-align: center;\"><em>Sp\u00e4tzle ai spinaci con panna e prosciutto \u00a0\u00a0\u00a0<\/em><\/p>\n<p style=\"text-align: center;\"><em>\u00a0<\/em><\/p>\n<p style=\"text-align: center;\"><em>Small spinach dumplings with ham and cream\u00a0 <\/em><\/p>\n<p style=\"text-align: center;\"><em>\u00a0<\/em><\/p>\n<p style=\"text-align: center;\"><em>\u20ac 15,00 \u20ac<\/em><\/p>\n<p style=\"text-align: center;\"><em>\u00a0<\/em><\/p>\n<p style=\"text-align: center;\">\n<p style=\"text-align: center;\"><em>Hausgemachte Rote-Beete-Tagliolini mit Gorgonzola und Waln\u00fcssen<\/em><\/p>\n<p style=\"text-align: center;\"><em>\u00a0<\/em><\/p>\n<p style=\"text-align: center;\"><em>Tagliolini alla barbabietola con con gorgonzola e noci <\/em><\/p>\n<p style=\"text-align: center;\"><em>\u00a0<\/em><\/p>\n<p style=\"text-align: center;\"><em>Homemade beet root flavoured tagliolini pasta with gorgonzola cheese and walnuts<\/em><\/p>\n<p style=\"text-align: center;\"><em>\u00a0<\/em><\/p>\n<p style=\"text-align: center;\"><em>\u20ac 16,50<\/em><\/p>\n<p style=\"text-align: center;\"><em>\u00a0<\/em><\/p>\n<p style=\"text-align: center;\"><em>\u00a0<\/em><\/p>\n<p style=\"text-align: center;\"><strong><em><u>Secondi \u2013 Hauptgerichte<\/u><\/em><\/strong><\/p>\n<p style=\"text-align: center;\"><em>\u00a0<\/em><\/p>\n<p style=\"text-align: center;\"><em>Hirschgulasch mit Kr\u00e4utersp\u00e4tzle und Rotkohl<\/em><\/p>\n<p style=\"text-align: center;\"><em>\u00a0<\/em><\/p>\n<p style=\"text-align: center;\"><em>Spezzatino di cervo con sp\u00e4tzle alle erbe e cavolo cappuccio rosso <\/em><\/p>\n<p style=\"text-align: center;\"><em>\u00a0<\/em><\/p>\n<p style=\"text-align: center;\"><em>Vension gulash with herb flavoured small potato dumplings and red wine cabbage <\/em><\/p>\n<p style=\"text-align: center;\"><em>\u00a0<\/em><\/p>\n<p style=\"text-align: center;\"><em>28,00 \u20ac \u00a0<\/em><\/p>\n<p style=\"text-align: center;\"><em>\u00a0<\/em><\/p>\n<p style=\"text-align: center;\"><em>\u00a0<\/em><\/p>\n<p style=\"text-align: center;\"><em>Medaillons vom Kalbsfilet mit Kr\u00e4uterkruste <\/em><\/p>\n<p style=\"text-align: center;\"><em>Mit Kartoffel-Lauch-Strudel und Buttergem\u00fcse <\/em><\/p>\n<p style=\"text-align: center;\"><em>\u00a0<\/em><\/p>\n<p style=\"text-align: center;\"><em>Medaglione di filetto di vitello con crosta alle erbe <\/em><\/p>\n<p style=\"text-align: center;\"><em>Con strudel al porro e patate con verdure al burro <\/em><\/p>\n<p style=\"text-align: center;\"><em>\u00a0<\/em><\/p>\n<p style=\"text-align: center;\"><em>Medaillon from veal\u00a0 with herb crust <\/em><\/p>\n<p style=\"text-align: center;\"><em>with leek potato stroudle and buttered vegetables<\/em><\/p>\n<p style=\"text-align: center;\"><em>\u00a0<\/em><\/p>\n<p style=\"text-align: center;\"><em>\u00a0<\/em><\/p>\n<p style=\"text-align: center;\"><em>28,00 \u20ac<\/em><\/p>\n<p style=\"text-align: center;\"><em>\u00a0<\/em><\/p>\n<p style=\"text-align: center;\"><em>\u00a0<\/em><\/p>\n<p style=\"text-align: center;\"><em>Entrec\u00f4te mit Kr\u00e4uterbutter <\/em><\/p>\n<p style=\"text-align: center;\"><em>Kartoffelkroketten und Grillgem\u00fcse <\/em><\/p>\n<p style=\"text-align: center;\"><em>\u00a0<\/em><\/p>\n<p style=\"text-align: center;\"><em>Entrec\u00f4te di manzo con rucola con burro alle erbette <\/em><\/p>\n<p style=\"text-align: center;\"><em>Crochette di patate e verdure alla griglia <\/em><\/p>\n<p style=\"text-align: center;\"><em>\u00a0<\/em><\/p>\n<p style=\"text-align: center;\"><em>Entrec\u00f4te \u00a0of beef with herb flavoured butter \u00a0<\/em><\/p>\n<p style=\"text-align: center;\"><em>Potato croquettes and grilled vegetables <\/em><\/p>\n<p style=\"text-align: center;\"><em>\u00a0<\/em><\/p>\n<p style=\"text-align: center;\"><em>29,00 \u20ac<\/em><\/p>\n<p style=\"text-align: center;\">\n<p style=\"text-align: center;\"><strong><em><u>Piatti di pesce &#8211; Fischgerichte<\/u><\/em><\/strong><\/p>\n<p style=\"text-align: center;\">\n<p style=\"text-align: center;\"><em>\u00a0<\/em><\/p>\n<p style=\"text-align: center;\"><em>Filet vom Seebarsch mit Tr\u00fcffelcr\u00e9me <\/em><\/p>\n<p style=\"text-align: center;\"><em>Kartoffelkroketten und Gem\u00fcsejulienne <\/em><\/p>\n<p style=\"text-align: center;\"><em>\u00a0<\/em><\/p>\n<p style=\"text-align: center;\"><em>Filetto di spigola con crema tartuffata <\/em><\/p>\n<p style=\"text-align: center;\"><em>Crochette di patate e julienne di verdure <\/em><\/p>\n<p style=\"text-align: center;\"><em>\u00a0<\/em><\/p>\n<p style=\"text-align: center;\"><em>Filet from european seabass\u00a0 with truffle sauce <\/em><\/p>\n<p style=\"text-align: center;\"><em>Potato croquettes and vegetables julienne <\/em><\/p>\n<p style=\"text-align: center;\"><em>\u00a0<\/em><\/p>\n<p style=\"text-align: center;\"><em>26,00 \u20ac <\/em><\/p>\n<p style=\"text-align: center;\"><em>\u00a0<\/em><\/p>\n<p style=\"text-align: center;\">\n<p style=\"text-align: center;\"><em>Stockfischgr\u00f6stl mit Speck-Krautsalat <\/em><\/p>\n<p style=\"text-align: center;\"><em>\u00a0<\/em><\/p>\n<p style=\"text-align: center;\"><em>Rosticciata di baccal\u00e0 con insalata di cappucci e speck<\/em><\/p>\n<p style=\"text-align: center;\"><em>\u00a0<\/em><\/p>\n<p style=\"text-align: center;\"><em>Cod hotchpotch with bacon cabbage salad<\/em><\/p>\n<p style=\"text-align: center;\"><em>\u00a0<\/em><\/p>\n<p style=\"text-align: center;\"><em>24,00 \u20ac <\/em><\/p>\n<p style=\"text-align: center;\"><em>\u00a0<\/em><\/p>\n<p style=\"text-align: center;\"><em>\u00a0<\/em><\/p>\n<p style=\"text-align: center;\">\n<p style=\"text-align: center;\"><strong><em><u>Desserts<\/u><\/em><\/strong><\/p>\n<p style=\"text-align: center;\"><em>\u00a0<\/em><\/p>\n<p style=\"text-align: center;\"><em>\u00a0<\/em><\/p>\n<p style=\"text-align: center;\"><em>Kastanientiramis\u00f9 <\/em><\/p>\n<p style=\"text-align: center;\"><em>Tiramis\u00f9 alle castagne \u00a0<\/em><\/p>\n<p style=\"text-align: center;\"><em>\u00a0\u00a0\u00a0\u00a0\u00a0\u00a0Chestnut flavored tiramis\u00fa<\/em><\/p>\n<p style=\"text-align: center;\"><em>\u00a0<\/em><\/p>\n<p style=\"text-align: center;\"><em>8,00 \u20ac<\/em><\/p>\n<p style=\"text-align: center;\"><em>\u00a0<\/em><\/p>\n<p style=\"text-align: center;\"><em>\u00a0<\/em><\/p>\n<p style=\"text-align: center;\"><em>Schokot\u00f6rtchen mit karamellisierten \u00c4pfeln und Birnenmus <\/em><\/p>\n<p style=\"text-align: center;\"><em>Tortino di cioccolata con mela caramellizzata e purea di pere <\/em><\/p>\n<p style=\"text-align: center;\"><em>Cocolate tart with caramellized apples and smash of pears <\/em><\/p>\n<p style=\"text-align: center;\"><em>\u00a0<\/em><\/p>\n<p style=\"text-align: center;\"><em>9,00 \u20ac \u00a0<\/em><\/p>\n<p style=\"text-align: center;\"><em>\u00a0<\/em><\/p>\n<p style=\"text-align: center;\"><em>Topfenpannacotta mit warmer Himbeersauce <\/em><\/p>\n<p style=\"text-align: center;\"><em>Pannacotta alla ricotta con salsa ai lamponi caldi <\/em><\/p>\n<p style=\"text-align: center;\"><em>White cheese pudding with hot raspberry sauce <\/em><\/p>\n<p style=\"text-align: center;\"><em>\u00a0<\/em><\/p>\n<p style=\"text-align: center;\"><em>\u00a08,50 \u20ac \u00a0\u00a0\u00a0<\/em><\/p>\n<p style=\"text-align: center;\"><em>\u00a0<\/em><\/p>\n<p style=\"text-align: center;\"><em>\u00a0<\/em><\/p>\n<p style=\"text-align: center;\"><em>\u00a0<\/em><\/p>\n","protected":false},"excerpt":{"rendered":"<p>Antipasti \u2013 Vorspeisen \u00a0 \u00a0\u00a0 Rotes und Schwarzes Quinoa mit Gem\u00fcsew\u00fcrfeln, Tofu und Currycr\u00e9me \u00a0 \u00a0Quinoa nero e rosso con cubetti di verdure e crema al curry \u00a0 \u00a0 Red&#8230;<\/p>\n","protected":false},"author":1,"featured_media":0,"parent":0,"menu_order":0,"comment_status":"closed","ping_status":"closed","template":"","meta":{"footnotes":""},"class_list":["post-987","page","type-page","status-publish"],"yoast_head":"<!-- This site is optimized with the Yoast SEO plugin v27.4 - https:\/\/yoast.com\/product\/yoast-seo-wordpress\/ -->\n<title>Menu - Hotel Scala Stiegl<\/title>\n<meta name=\"robots\" content=\"index, follow, max-snippet:-1, max-image-preview:large, max-video-preview:-1\" \/>\n<link rel=\"canonical\" href=\"https:\/\/scalahot.com\/en\/menu\/\" \/>\n<meta property=\"og:locale\" content=\"en_US\" \/>\n<meta property=\"og:type\" content=\"article\" \/>\n<meta property=\"og:title\" content=\"Menu - Hotel Scala Stiegl\" \/>\n<meta property=\"og:description\" content=\"Antipasti \u2013 Vorspeisen \u00a0 \u00a0\u00a0 Rotes und Schwarzes Quinoa mit Gem\u00fcsew\u00fcrfeln, Tofu und Currycr\u00e9me \u00a0 \u00a0Quinoa nero e rosso con cubetti di verdure e crema al curry \u00a0 \u00a0 Red...\" \/>\n<meta property=\"og:url\" content=\"https:\/\/scalahot.com\/en\/menu\/\" \/>\n<meta property=\"og:site_name\" content=\"Hotel Scala Stiegl\" \/>\n<meta property=\"article:publisher\" content=\"https:\/\/www.facebook.com\/people\/Hotel-Scala-Stiegl\/100023398073383\/\" \/>\n<meta property=\"article:modified_time\" content=\"2025-12-05T15:19:05+00:00\" \/>\n<meta name=\"twitter:card\" content=\"summary_large_image\" \/>\n<meta name=\"twitter:label1\" content=\"Est. reading time\" \/>\n\t<meta name=\"twitter:data1\" content=\"3 minutes\" \/>\n<script type=\"application\/ld+json\" class=\"yoast-schema-graph\">{\"@context\":\"https:\\\/\\\/schema.org\",\"@graph\":[{\"@type\":\"WebPage\",\"@id\":\"https:\\\/\\\/scalahot.com\\\/en\\\/menu\\\/\",\"url\":\"https:\\\/\\\/scalahot.com\\\/en\\\/menu\\\/\",\"name\":\"Menu - Hotel Scala Stiegl\",\"isPartOf\":{\"@id\":\"https:\\\/\\\/scalahot.com\\\/#website\"},\"datePublished\":\"2023-01-05T16:53:04+00:00\",\"dateModified\":\"2025-12-05T15:19:05+00:00\",\"breadcrumb\":{\"@id\":\"https:\\\/\\\/scalahot.com\\\/en\\\/menu\\\/#breadcrumb\"},\"inLanguage\":\"en-US\",\"potentialAction\":[{\"@type\":\"ReadAction\",\"target\":[\"https:\\\/\\\/scalahot.com\\\/en\\\/menu\\\/\"]}]},{\"@type\":\"BreadcrumbList\",\"@id\":\"https:\\\/\\\/scalahot.com\\\/en\\\/menu\\\/#breadcrumb\",\"itemListElement\":[{\"@type\":\"ListItem\",\"position\":1,\"name\":\"Home\",\"item\":\"https:\\\/\\\/scalahot.com\\\/en\\\/home\\\/\"},{\"@type\":\"ListItem\",\"position\":2,\"name\":\"Menu\"}]},{\"@type\":\"WebSite\",\"@id\":\"https:\\\/\\\/scalahot.com\\\/#website\",\"url\":\"https:\\\/\\\/scalahot.com\\\/\",\"name\":\"Hotel Scala Stiegl\",\"description\":\"Hotel Bolzano Centro 4 Stelle\",\"publisher\":{\"@id\":\"https:\\\/\\\/scalahot.com\\\/#organization\"},\"potentialAction\":[{\"@type\":\"SearchAction\",\"target\":{\"@type\":\"EntryPoint\",\"urlTemplate\":\"https:\\\/\\\/scalahot.com\\\/?s={search_term_string}\"},\"query-input\":{\"@type\":\"PropertyValueSpecification\",\"valueRequired\":true,\"valueName\":\"search_term_string\"}}],\"inLanguage\":\"en-US\"},{\"@type\":\"Organization\",\"@id\":\"https:\\\/\\\/scalahot.com\\\/#organization\",\"name\":\"Hotel Scala Stiegl\",\"url\":\"https:\\\/\\\/scalahot.com\\\/\",\"logo\":{\"@type\":\"ImageObject\",\"inLanguage\":\"en-US\",\"@id\":\"https:\\\/\\\/scalahot.com\\\/#\\\/schema\\\/logo\\\/image\\\/\",\"url\":\"https:\\\/\\\/scalahot.com\\\/wp-content\\\/uploads\\\/2022\\\/11\\\/Hotel-Stiegl_horizontal.png\",\"contentUrl\":\"https:\\\/\\\/scalahot.com\\\/wp-content\\\/uploads\\\/2022\\\/11\\\/Hotel-Stiegl_horizontal.png\",\"width\":792,\"height\":308,\"caption\":\"Hotel Scala Stiegl\"},\"image\":{\"@id\":\"https:\\\/\\\/scalahot.com\\\/#\\\/schema\\\/logo\\\/image\\\/\"},\"sameAs\":[\"https:\\\/\\\/www.facebook.com\\\/people\\\/Hotel-Scala-Stiegl\\\/100023398073383\\\/\"]}]}<\/script>\n<!-- \/ Yoast SEO plugin. -->","yoast_head_json":{"title":"Menu - Hotel Scala Stiegl","robots":{"index":"index","follow":"follow","max-snippet":"max-snippet:-1","max-image-preview":"max-image-preview:large","max-video-preview":"max-video-preview:-1"},"canonical":"https:\/\/scalahot.com\/en\/menu\/","og_locale":"en_US","og_type":"article","og_title":"Menu - Hotel Scala Stiegl","og_description":"Antipasti \u2013 Vorspeisen \u00a0 \u00a0\u00a0 Rotes und Schwarzes Quinoa mit Gem\u00fcsew\u00fcrfeln, Tofu und Currycr\u00e9me \u00a0 \u00a0Quinoa nero e rosso con cubetti di verdure e crema al curry \u00a0 \u00a0 Red...","og_url":"https:\/\/scalahot.com\/en\/menu\/","og_site_name":"Hotel Scala Stiegl","article_publisher":"https:\/\/www.facebook.com\/people\/Hotel-Scala-Stiegl\/100023398073383\/","article_modified_time":"2025-12-05T15:19:05+00:00","twitter_card":"summary_large_image","twitter_misc":{"Est. reading time":"3 minutes"},"schema":{"@context":"https:\/\/schema.org","@graph":[{"@type":"WebPage","@id":"https:\/\/scalahot.com\/en\/menu\/","url":"https:\/\/scalahot.com\/en\/menu\/","name":"Menu - Hotel Scala Stiegl","isPartOf":{"@id":"https:\/\/scalahot.com\/#website"},"datePublished":"2023-01-05T16:53:04+00:00","dateModified":"2025-12-05T15:19:05+00:00","breadcrumb":{"@id":"https:\/\/scalahot.com\/en\/menu\/#breadcrumb"},"inLanguage":"en-US","potentialAction":[{"@type":"ReadAction","target":["https:\/\/scalahot.com\/en\/menu\/"]}]},{"@type":"BreadcrumbList","@id":"https:\/\/scalahot.com\/en\/menu\/#breadcrumb","itemListElement":[{"@type":"ListItem","position":1,"name":"Home","item":"https:\/\/scalahot.com\/en\/home\/"},{"@type":"ListItem","position":2,"name":"Menu"}]},{"@type":"WebSite","@id":"https:\/\/scalahot.com\/#website","url":"https:\/\/scalahot.com\/","name":"Hotel Scala Stiegl","description":"Hotel Bolzano Centro 4 Stelle","publisher":{"@id":"https:\/\/scalahot.com\/#organization"},"potentialAction":[{"@type":"SearchAction","target":{"@type":"EntryPoint","urlTemplate":"https:\/\/scalahot.com\/?s={search_term_string}"},"query-input":{"@type":"PropertyValueSpecification","valueRequired":true,"valueName":"search_term_string"}}],"inLanguage":"en-US"},{"@type":"Organization","@id":"https:\/\/scalahot.com\/#organization","name":"Hotel Scala Stiegl","url":"https:\/\/scalahot.com\/","logo":{"@type":"ImageObject","inLanguage":"en-US","@id":"https:\/\/scalahot.com\/#\/schema\/logo\/image\/","url":"https:\/\/scalahot.com\/wp-content\/uploads\/2022\/11\/Hotel-Stiegl_horizontal.png","contentUrl":"https:\/\/scalahot.com\/wp-content\/uploads\/2022\/11\/Hotel-Stiegl_horizontal.png","width":792,"height":308,"caption":"Hotel Scala Stiegl"},"image":{"@id":"https:\/\/scalahot.com\/#\/schema\/logo\/image\/"},"sameAs":["https:\/\/www.facebook.com\/people\/Hotel-Scala-Stiegl\/100023398073383\/"]}]}},"_links":{"self":[{"href":"https:\/\/scalahot.com\/en\/wp-json\/wp\/v2\/pages\/987","targetHints":{"allow":["GET"]}}],"collection":[{"href":"https:\/\/scalahot.com\/en\/wp-json\/wp\/v2\/pages"}],"about":[{"href":"https:\/\/scalahot.com\/en\/wp-json\/wp\/v2\/types\/page"}],"author":[{"embeddable":true,"href":"https:\/\/scalahot.com\/en\/wp-json\/wp\/v2\/users\/1"}],"replies":[{"embeddable":true,"href":"https:\/\/scalahot.com\/en\/wp-json\/wp\/v2\/comments?post=987"}],"version-history":[{"count":9,"href":"https:\/\/scalahot.com\/en\/wp-json\/wp\/v2\/pages\/987\/revisions"}],"predecessor-version":[{"id":1700,"href":"https:\/\/scalahot.com\/en\/wp-json\/wp\/v2\/pages\/987\/revisions\/1700"}],"wp:attachment":[{"href":"https:\/\/scalahot.com\/en\/wp-json\/wp\/v2\/media?parent=987"}],"curies":[{"name":"wp","href":"https:\/\/api.w.org\/{rel}","templated":true}]}}